{"id":2749,"date":"2015-09-07T18:56:49","date_gmt":"2015-09-07T17:56:49","guid":{"rendered":"https:\/\/clipnclimblaval.ca\/en\/?page_id=2749"},"modified":"2023-06-22T16:49:56","modified_gmt":"2023-06-22T20:49:56","slug":"home","status":"publish","type":"page","link":"https:\/\/clipnclimb.ca\/en\/","title":{"rendered":"Home"},"content":{"rendered":"","protected":false},"excerpt":{"rendered":"","protected":false},"author":2155,"featured_media":2329290112977,"parent":0,"menu_order":-1,"comment_status":"closed","ping_status":"closed","template":"","meta":[],"acf":[],"yoast_head":"<!-- This site is optimized with the Yoast SEO plugin v19.4 - https:\/\/yoast.com\/wordpress\/plugins\/seo\/ -->\n<title>Climbing Center | Brossard and Laval | Clip &#039;n climb<\/title>\n<meta name=\"description\" content=\"Looking for the perfect activity to do with your family? Clip &#039;n climb indoor climbing centers offer you the ideal entertainment for kids and parents, don&#039;t miss out!\" \/>\n<meta name=\"robots\" content=\"index, follow, max-snippet:-1, max-image-preview:large, max-video-preview:-1\" \/>\n<link rel=\"canonical\" href=\"https:\/\/clipnclimb.ca\/en\/\" \/>\n<meta property=\"og:locale\" content=\"en_US\" \/>\n<meta property=\"og:type\" content=\"article\" \/>\n<meta property=\"og:title\" content=\"Climbing Center | Brossard and Laval | Clip &#039;n climb\" \/>\n<meta property=\"og:description\" content=\"Looking for the perfect activity to do with your family? Clip &#039;n climb indoor climbing centers offer you the ideal entertainment for kids and parents, don&#039;t miss out!\" \/>\n<meta property=\"og:url\" content=\"https:\/\/clipnclimb.ca\/en\/\" \/>\n<meta property=\"og:site_name\" content=\"Clip &#039;n Climb\" \/>\n<meta property=\"article:modified_time\" content=\"2023-06-22T20:49:56+00:00\" \/>\n<meta property=\"og:image\" content=\"https:\/\/clipnclimb.ca\/wp-content\/uploads\/2021\/07\/clipnclimp-escalade-reinventee-e1645466307291.jpeg\" \/>\n\t<meta property=\"og:image:width\" content=\"2048\" \/>\n\t<meta property=\"og:image:height\" content=\"1362\" \/>\n\t<meta property=\"og:image:type\" content=\"image\/jpeg\" \/>\n<meta name=\"twitter:card\" content=\"summary\" \/>\n<script type=\"application\/ld+json\" class=\"yoast-schema-graph\">{\"@context\":\"https:\/\/schema.org\",\"@graph\":[{\"@type\":\"Organization\",\"@id\":\"https:\/\/clipnclimb.ca\/#organization\",\"name\":\"Clip 'n climb\",\"url\":\"https:\/\/clipnclimb.ca\/\",\"sameAs\":[],\"logo\":{\"@type\":\"ImageObject\",\"inLanguage\":\"en-US\",\"@id\":\"https:\/\/clipnclimb.ca\/#\/schema\/logo\/image\/\",\"url\":\"https:\/\/clipnclimb.ca\/wp-content\/uploads\/2016\/07\/logo.png\",\"contentUrl\":\"https:\/\/clipnclimb.ca\/wp-content\/uploads\/2016\/07\/logo.png\",\"width\":95,\"height\":53,\"caption\":\"Clip 'n climb\"},\"image\":{\"@id\":\"https:\/\/clipnclimb.ca\/#\/schema\/logo\/image\/\"}},{\"@type\":\"WebSite\",\"@id\":\"https:\/\/clipnclimb.ca\/#website\",\"url\":\"https:\/\/clipnclimb.ca\/\",\"name\":\"Clip &#039;n Climb\",\"description\":\"Clip &#039;n Climb est une activit\u00e9 impressionante qui propose des murs d&#039;escalades de diff\u00e9rents niveaux de difficult\u00e9 pour un divertissement sain, \u00e0 la port\u00e9e de tous, avec pour ma\u00eetre-mot l&#039;action.\",\"publisher\":{\"@id\":\"https:\/\/clipnclimb.ca\/#organization\"},\"potentialAction\":[{\"@type\":\"SearchAction\",\"target\":{\"@type\":\"EntryPoint\",\"urlTemplate\":\"https:\/\/clipnclimb.ca\/?s={search_term_string}\"},\"query-input\":\"required name=search_term_string\"}],\"inLanguage\":\"en-US\"},{\"@type\":\"WebPage\",\"@id\":\"https:\/\/clipnclimb.ca\/en\/\",\"url\":\"https:\/\/clipnclimb.ca\/en\/\",\"name\":\"Climbing Center | Brossard and Laval | Clip 'n climb\",\"isPartOf\":{\"@id\":\"https:\/\/clipnclimb.ca\/#website\"},\"datePublished\":\"2015-09-07T17:56:49+00:00\",\"dateModified\":\"2023-06-22T20:49:56+00:00\",\"description\":\"Looking for the perfect activity to do with your family? Clip 'n climb indoor climbing centers offer you the ideal entertainment for kids and parents, don't miss out!\",\"breadcrumb\":{\"@id\":\"https:\/\/clipnclimb.ca\/en\/#breadcrumb\"},\"inLanguage\":\"en-US\",\"potentialAction\":[{\"@type\":\"ReadAction\",\"target\":[\"https:\/\/clipnclimb.ca\/en\/\"]}]},{\"@type\":\"BreadcrumbList\",\"@id\":\"https:\/\/clipnclimb.ca\/en\/#breadcrumb\",\"itemListElement\":[{\"@type\":\"ListItem\",\"position\":1,\"name\":\"Home\",\"item\":\"https:\/\/clipnclimb.ca\/en\/\"},{\"@type\":\"ListItem\",\"position\":2,\"name\":\"Home\"}]}]}<\/script>\n<!-- \/ Yoast SEO plugin. -->","yoast_head_json":{"title":"Climbing Center | Brossard and Laval | Clip 'n climb","description":"Looking for the perfect activity to do with your family? Clip 'n climb indoor climbing centers offer you the ideal entertainment for kids and parents, don't miss out!","robots":{"index":"index","follow":"follow","max-snippet":"max-snippet:-1","max-image-preview":"max-image-preview:large","max-video-preview":"max-video-preview:-1"},"canonical":"https:\/\/clipnclimb.ca\/en\/","og_locale":"en_US","og_type":"article","og_title":"Climbing Center | Brossard and Laval | Clip 'n climb","og_description":"Looking for the perfect activity to do with your family? Clip 'n climb indoor climbing centers offer you the ideal entertainment for kids and parents, don't miss out!","og_url":"https:\/\/clipnclimb.ca\/en\/","og_site_name":"Clip &#039;n Climb","article_modified_time":"2023-06-22T20:49:56+00:00","og_image":[{"width":2048,"height":1362,"url":"https:\/\/clipnclimb.ca\/wp-content\/uploads\/2021\/07\/clipnclimp-escalade-reinventee-e1645466307291.jpeg","type":"image\/jpeg"}],"twitter_card":"summary","schema":{"@context":"https:\/\/schema.org","@graph":[{"@type":"Organization","@id":"https:\/\/clipnclimb.ca\/#organization","name":"Clip 'n climb","url":"https:\/\/clipnclimb.ca\/","sameAs":[],"logo":{"@type":"ImageObject","inLanguage":"en-US","@id":"https:\/\/clipnclimb.ca\/#\/schema\/logo\/image\/","url":"https:\/\/clipnclimb.ca\/wp-content\/uploads\/2016\/07\/logo.png","contentUrl":"https:\/\/clipnclimb.ca\/wp-content\/uploads\/2016\/07\/logo.png","width":95,"height":53,"caption":"Clip 'n climb"},"image":{"@id":"https:\/\/clipnclimb.ca\/#\/schema\/logo\/image\/"}},{"@type":"WebSite","@id":"https:\/\/clipnclimb.ca\/#website","url":"https:\/\/clipnclimb.ca\/","name":"Clip &#039;n Climb","description":"Clip &#039;n Climb est une activit\u00e9 impressionante qui propose des murs d&#039;escalades de diff\u00e9rents niveaux de difficult\u00e9 pour un divertissement sain, \u00e0 la port\u00e9e de tous, avec pour ma\u00eetre-mot l&#039;action.","publisher":{"@id":"https:\/\/clipnclimb.ca\/#organization"},"potentialAction":[{"@type":"SearchAction","target":{"@type":"EntryPoint","urlTemplate":"https:\/\/clipnclimb.ca\/?s={search_term_string}"},"query-input":"required name=search_term_string"}],"inLanguage":"en-US"},{"@type":"WebPage","@id":"https:\/\/clipnclimb.ca\/en\/","url":"https:\/\/clipnclimb.ca\/en\/","name":"Climbing Center | Brossard and Laval | Clip 'n climb","isPartOf":{"@id":"https:\/\/clipnclimb.ca\/#website"},"datePublished":"2015-09-07T17:56:49+00:00","dateModified":"2023-06-22T20:49:56+00:00","description":"Looking for the perfect activity to do with your family? Clip 'n climb indoor climbing centers offer you the ideal entertainment for kids and parents, don't miss out!","breadcrumb":{"@id":"https:\/\/clipnclimb.ca\/en\/#breadcrumb"},"inLanguage":"en-US","potentialAction":[{"@type":"ReadAction","target":["https:\/\/clipnclimb.ca\/en\/"]}]},{"@type":"BreadcrumbList","@id":"https:\/\/clipnclimb.ca\/en\/#breadcrumb","itemListElement":[{"@type":"ListItem","position":1,"name":"Home","item":"https:\/\/clipnclimb.ca\/en\/"},{"@type":"ListItem","position":2,"name":"Home"}]}]}},"_links":{"self":[{"href":"https:\/\/clipnclimb.ca\/en\/wp-json\/wp\/v2\/pages\/2749"}],"collection":[{"href":"https:\/\/clipnclimb.ca\/en\/wp-json\/wp\/v2\/pages"}],"about":[{"href":"https:\/\/clipnclimb.ca\/en\/wp-json\/wp\/v2\/types\/page"}],"author":[{"embeddable":true,"href":"https:\/\/clipnclimb.ca\/en\/wp-json\/wp\/v2\/users\/2155"}],"replies":[{"embeddable":true,"href":"https:\/\/clipnclimb.ca\/en\/wp-json\/wp\/v2\/comments?post=2749"}],"version-history":[{"count":25,"href":"https:\/\/clipnclimb.ca\/en\/wp-json\/wp\/v2\/pages\/2749\/revisions"}],"predecessor-version":[{"id":2329290113644,"href":"https:\/\/clipnclimb.ca\/en\/wp-json\/wp\/v2\/pages\/2749\/revisions\/2329290113644"}],"wp:featuredmedia":[{"embeddable":true,"href":"https:\/\/clipnclimb.ca\/en\/wp-json\/wp\/v2\/media\/2329290112977"}],"wp:attachment":[{"href":"https:\/\/clipnclimb.ca\/en\/wp-json\/wp\/v2\/media?parent=2749"}],"curies":[{"name":"wp","href":"https:\/\/api.w.org\/{rel}","templated":true}]}}