{"id":2766,"date":"2015-10-23T16:37:37","date_gmt":"2015-10-23T15:37:37","guid":{"rendered":"https:\/\/clipnclimblaval.ca\/en\/about-us\/carrieres\/"},"modified":"2022-08-29T15:44:37","modified_gmt":"2022-08-29T19:44:37","slug":"careers","status":"publish","type":"page","link":"https:\/\/clipnclimb.ca\/en\/about-us\/careers\/","title":{"rendered":"Careers"},"content":{"rendered":"","protected":false},"excerpt":{"rendered":"","protected":false},"author":2155,"featured_media":0,"parent":2760,"menu_order":0,"comment_status":"closed","ping_status":"closed","template":"","meta":[],"acf":[],"yoast_head":"<!-- This site is optimized with the Yoast SEO plugin v19.4 - https:\/\/yoast.com\/wordpress\/plugins\/seo\/ -->\n<title>Careers - Clip &#039;n Climb<\/title>\n<meta name=\"description\" content=\"Would you like to work with our great team? Apply here and you may join our team.\" \/>\n<meta name=\"robots\" content=\"index, follow, max-snippet:-1, max-image-preview:large, max-video-preview:-1\" \/>\n<link rel=\"canonical\" href=\"https:\/\/clipnclimb.ca\/en\/about-us\/careers\/\" \/>\n<meta property=\"og:locale\" content=\"en_US\" \/>\n<meta property=\"og:type\" content=\"article\" \/>\n<meta property=\"og:title\" content=\"Careers - Clip &#039;n Climb\" \/>\n<meta property=\"og:description\" content=\"Would you like to work with our great team? Apply here and you may join our team.\" \/>\n<meta property=\"og:url\" content=\"https:\/\/clipnclimb.ca\/en\/about-us\/careers\/\" \/>\n<meta property=\"og:site_name\" content=\"Clip &#039;n Climb\" \/>\n<meta property=\"article:modified_time\" content=\"2022-08-29T19:44:37+00:00\" \/>\n<meta name=\"twitter:card\" content=\"summary\" \/>\n<script type=\"application\/ld+json\" class=\"yoast-schema-graph\">{\"@context\":\"https:\/\/schema.org\",\"@graph\":[{\"@type\":\"Organization\",\"@id\":\"https:\/\/clipnclimb.ca\/#organization\",\"name\":\"Clip 'n climb\",\"url\":\"https:\/\/clipnclimb.ca\/\",\"sameAs\":[],\"logo\":{\"@type\":\"ImageObject\",\"inLanguage\":\"en-US\",\"@id\":\"https:\/\/clipnclimb.ca\/#\/schema\/logo\/image\/\",\"url\":\"https:\/\/clipnclimb.ca\/wp-content\/uploads\/2016\/07\/logo.png\",\"contentUrl\":\"https:\/\/clipnclimb.ca\/wp-content\/uploads\/2016\/07\/logo.png\",\"width\":95,\"height\":53,\"caption\":\"Clip 'n climb\"},\"image\":{\"@id\":\"https:\/\/clipnclimb.ca\/#\/schema\/logo\/image\/\"}},{\"@type\":\"WebSite\",\"@id\":\"https:\/\/clipnclimb.ca\/#website\",\"url\":\"https:\/\/clipnclimb.ca\/\",\"name\":\"Clip &#039;n Climb\",\"description\":\"Clip &#039;n Climb est une activit\u00e9 impressionante qui propose des murs d&#039;escalades de diff\u00e9rents niveaux de difficult\u00e9 pour un divertissement sain, \u00e0 la port\u00e9e de tous, avec pour ma\u00eetre-mot l&#039;action.\",\"publisher\":{\"@id\":\"https:\/\/clipnclimb.ca\/#organization\"},\"potentialAction\":[{\"@type\":\"SearchAction\",\"target\":{\"@type\":\"EntryPoint\",\"urlTemplate\":\"https:\/\/clipnclimb.ca\/?s={search_term_string}\"},\"query-input\":\"required name=search_term_string\"}],\"inLanguage\":\"en-US\"},{\"@type\":\"WebPage\",\"@id\":\"https:\/\/clipnclimb.ca\/en\/about-us\/careers\/\",\"url\":\"https:\/\/clipnclimb.ca\/en\/about-us\/careers\/\",\"name\":\"Careers - Clip &#039;n Climb\",\"isPartOf\":{\"@id\":\"https:\/\/clipnclimb.ca\/#website\"},\"datePublished\":\"2015-10-23T15:37:37+00:00\",\"dateModified\":\"2022-08-29T19:44:37+00:00\",\"description\":\"Would you like to work with our great team? Apply here and you may join our team.\",\"breadcrumb\":{\"@id\":\"https:\/\/clipnclimb.ca\/en\/about-us\/careers\/#breadcrumb\"},\"inLanguage\":\"en-US\",\"potentialAction\":[{\"@type\":\"ReadAction\",\"target\":[\"https:\/\/clipnclimb.ca\/en\/about-us\/careers\/\"]}]},{\"@type\":\"BreadcrumbList\",\"@id\":\"https:\/\/clipnclimb.ca\/en\/about-us\/careers\/#breadcrumb\",\"itemListElement\":[{\"@type\":\"ListItem\",\"position\":1,\"name\":\"Home\",\"item\":\"https:\/\/clipnclimb.ca\/en\/\"},{\"@type\":\"ListItem\",\"position\":2,\"name\":\"About us\",\"item\":\"https:\/\/clipnclimb.ca\/en\/about-us\/\"},{\"@type\":\"ListItem\",\"position\":3,\"name\":\"Careers\"}]}]}<\/script>\n<!-- \/ Yoast SEO plugin. -->","yoast_head_json":{"title":"Careers - Clip &#039;n Climb","description":"Would you like to work with our great team? Apply here and you may join our team.","robots":{"index":"index","follow":"follow","max-snippet":"max-snippet:-1","max-image-preview":"max-image-preview:large","max-video-preview":"max-video-preview:-1"},"canonical":"https:\/\/clipnclimb.ca\/en\/about-us\/careers\/","og_locale":"en_US","og_type":"article","og_title":"Careers - Clip &#039;n Climb","og_description":"Would you like to work with our great team? Apply here and you may join our team.","og_url":"https:\/\/clipnclimb.ca\/en\/about-us\/careers\/","og_site_name":"Clip &#039;n Climb","article_modified_time":"2022-08-29T19:44:37+00:00","twitter_card":"summary","schema":{"@context":"https:\/\/schema.org","@graph":[{"@type":"Organization","@id":"https:\/\/clipnclimb.ca\/#organization","name":"Clip 'n climb","url":"https:\/\/clipnclimb.ca\/","sameAs":[],"logo":{"@type":"ImageObject","inLanguage":"en-US","@id":"https:\/\/clipnclimb.ca\/#\/schema\/logo\/image\/","url":"https:\/\/clipnclimb.ca\/wp-content\/uploads\/2016\/07\/logo.png","contentUrl":"https:\/\/clipnclimb.ca\/wp-content\/uploads\/2016\/07\/logo.png","width":95,"height":53,"caption":"Clip 'n climb"},"image":{"@id":"https:\/\/clipnclimb.ca\/#\/schema\/logo\/image\/"}},{"@type":"WebSite","@id":"https:\/\/clipnclimb.ca\/#website","url":"https:\/\/clipnclimb.ca\/","name":"Clip &#039;n Climb","description":"Clip &#039;n Climb est une activit\u00e9 impressionante qui propose des murs d&#039;escalades de diff\u00e9rents niveaux de difficult\u00e9 pour un divertissement sain, \u00e0 la port\u00e9e de tous, avec pour ma\u00eetre-mot l&#039;action.","publisher":{"@id":"https:\/\/clipnclimb.ca\/#organization"},"potentialAction":[{"@type":"SearchAction","target":{"@type":"EntryPoint","urlTemplate":"https:\/\/clipnclimb.ca\/?s={search_term_string}"},"query-input":"required name=search_term_string"}],"inLanguage":"en-US"},{"@type":"WebPage","@id":"https:\/\/clipnclimb.ca\/en\/about-us\/careers\/","url":"https:\/\/clipnclimb.ca\/en\/about-us\/careers\/","name":"Careers - Clip &#039;n Climb","isPartOf":{"@id":"https:\/\/clipnclimb.ca\/#website"},"datePublished":"2015-10-23T15:37:37+00:00","dateModified":"2022-08-29T19:44:37+00:00","description":"Would you like to work with our great team? Apply here and you may join our team.","breadcrumb":{"@id":"https:\/\/clipnclimb.ca\/en\/about-us\/careers\/#breadcrumb"},"inLanguage":"en-US","potentialAction":[{"@type":"ReadAction","target":["https:\/\/clipnclimb.ca\/en\/about-us\/careers\/"]}]},{"@type":"BreadcrumbList","@id":"https:\/\/clipnclimb.ca\/en\/about-us\/careers\/#breadcrumb","itemListElement":[{"@type":"ListItem","position":1,"name":"Home","item":"https:\/\/clipnclimb.ca\/en\/"},{"@type":"ListItem","position":2,"name":"About us","item":"https:\/\/clipnclimb.ca\/en\/about-us\/"},{"@type":"ListItem","position":3,"name":"Careers"}]}]}},"_links":{"self":[{"href":"https:\/\/clipnclimb.ca\/en\/wp-json\/wp\/v2\/pages\/2766"}],"collection":[{"href":"https:\/\/clipnclimb.ca\/en\/wp-json\/wp\/v2\/pages"}],"about":[{"href":"https:\/\/clipnclimb.ca\/en\/wp-json\/wp\/v2\/types\/page"}],"author":[{"embeddable":true,"href":"https:\/\/clipnclimb.ca\/en\/wp-json\/wp\/v2\/users\/2155"}],"replies":[{"embeddable":true,"href":"https:\/\/clipnclimb.ca\/en\/wp-json\/wp\/v2\/comments?post=2766"}],"version-history":[{"count":3,"href":"https:\/\/clipnclimb.ca\/en\/wp-json\/wp\/v2\/pages\/2766\/revisions"}],"predecessor-version":[{"id":6787,"href":"https:\/\/clipnclimb.ca\/en\/wp-json\/wp\/v2\/pages\/2766\/revisions\/6787"}],"up":[{"embeddable":true,"href":"https:\/\/clipnclimb.ca\/en\/wp-json\/wp\/v2\/pages\/2760"}],"wp:attachment":[{"href":"https:\/\/clipnclimb.ca\/en\/wp-json\/wp\/v2\/media?parent=2766"}],"curies":[{"name":"wp","href":"https:\/\/api.w.org\/{rel}","templated":true}]}}