{"id":2773,"date":"2015-10-23T16:37:08","date_gmt":"2015-10-23T15:37:08","guid":{"rendered":"https:\/\/clipnclimblaval.ca\/en\/about-us\/nous-joindre\/"},"modified":"2022-08-29T15:45:45","modified_gmt":"2022-08-29T19:45:45","slug":"contact-us","status":"publish","type":"page","link":"https:\/\/clipnclimb.ca\/en\/about-us\/contact-us\/","title":{"rendered":"Contact us"},"content":{"rendered":"<h2>Contact us<\/h2>\n<div role=\"form\" class=\"wpcf7\" id=\"wpcf7-f2776-o1\" lang=\"en-US\" dir=\"ltr\">\n<div class=\"screen-reader-response\"><p role=\"status\" aria-live=\"polite\" aria-atomic=\"true\"><\/p> <ul><\/ul><\/div>\n<form action=\"\/en\/wp-json\/wp\/v2\/pages\/2773#wpcf7-f2776-o1\" method=\"post\" class=\"wpcf7-form init\" novalidate=\"novalidate\" data-status=\"init\">\n<div style=\"display: none;\">\n<input type=\"hidden\" name=\"_wpcf7\" value=\"2776\" \/>\n<input type=\"hidden\" name=\"_wpcf7_version\" value=\"5.6.1\" \/>\n<input type=\"hidden\" name=\"_wpcf7_locale\" value=\"en_US\" \/>\n<input type=\"hidden\" name=\"_wpcf7_unit_tag\" value=\"wpcf7-f2776-o1\" \/>\n<input type=\"hidden\" name=\"_wpcf7_container_post\" value=\"0\" \/>\n<input type=\"hidden\" name=\"_wpcf7_posted_data_hash\" value=\"\" \/>\n<input type=\"hidden\" name=\"_wpcf7_recaptcha_response\" value=\"\" \/>\n<\/div>\n<p class=\"wpcf7-label\">Your name<\/p>\n<p class=\"wpcf7-input\"><span class=\"wpcf7-form-control-wrap\" data-name=\"your-name\"><input type=\"text\" name=\"your-name\" value=\"\" size=\"40\" class=\"wpcf7-form-control wpcf7-text wpcf7-validates-as-required\" aria-required=\"true\" aria-invalid=\"false\" \/><\/span><\/p>\n<p class=\"wpcf7-label\">Your email<\/p>\n<p class=\"wpcf7-input\"><span class=\"wpcf7-form-control-wrap\" data-name=\"your-email\"><input type=\"email\" name=\"your-email\" value=\"\" size=\"40\" class=\"wpcf7-form-control wpcf7-text wpcf7-email wpcf7-validates-as-required wpcf7-validates-as-email\" aria-required=\"true\" aria-invalid=\"false\" \/><\/span><\/p>\n<p class=\"wpcf7-label\">For which center?<\/p>\n<p class=\"wpcf7-input\"><span class=\"wpcf7-form-control-wrap\" data-name=\"checkbox-179\"><span class=\"wpcf7-form-control wpcf7-checkbox wpcf7-validates-as-required wpcf7-exclusive-checkbox\"><span class=\"wpcf7-list-item first\"><label><input type=\"checkbox\" name=\"checkbox-179\" value=\"Laval\" \/><span class=\"wpcf7-list-item-label\">Laval<\/span><\/label><\/span><span class=\"wpcf7-list-item last\"><label><input type=\"checkbox\" name=\"checkbox-179\" value=\"Brossard\" \/><span class=\"wpcf7-list-item-label\">Brossard<\/span><\/label><\/span><\/span><\/span><\/p>\n<p class=\"wpcf7-label\"> Phone number<\/p>\n<p class=\"wpcf7-input\"><span class=\"wpcf7-form-control-wrap\" data-name=\"tel-939\"><input type=\"tel\" name=\"tel-939\" value=\"\" size=\"40\" class=\"wpcf7-form-control wpcf7-text wpcf7-tel wpcf7-validates-as-required wpcf7-validates-as-tel\" aria-required=\"true\" aria-invalid=\"false\" \/><\/span><\/p>\n<p class=\"wpcf7-label\">Subject<\/p>\n<p class=\"wpcf7-input\"><span class=\"wpcf7-form-control-wrap\" data-name=\"your-subject\"><input type=\"text\" name=\"your-subject\" value=\"\" size=\"40\" class=\"wpcf7-form-control wpcf7-text wpcf7-validates-as-required\" aria-required=\"true\" aria-invalid=\"false\" \/><\/span><\/p>\n<p class=\"wpcf7-label\">Your message<\/p>\n<p class=\"wpcf7-input\"><span class=\"wpcf7-form-control-wrap\" data-name=\"your-message\"><textarea name=\"your-message\" cols=\"40\" rows=\"10\" class=\"wpcf7-form-control wpcf7-textarea wpcf7-validates-as-required\" aria-required=\"true\" aria-invalid=\"false\"><\/textarea><\/span><\/p>\n<p><input type=\"submit\" value=\"Send\" class=\"wpcf7-form-control has-spinner wpcf7-submit\" \/><\/p>\n<div class=\"wpcf7-response-output\" aria-hidden=\"true\"><\/div><\/form><\/div>\n","protected":false},"excerpt":{"rendered":"<p>Contact us<\/p>\n","protected":false},"author":2155,"featured_media":0,"parent":2760,"menu_order":0,"comment_status":"closed","ping_status":"closed","template":"tpl-nsjoindre.php","meta":[],"acf":[],"yoast_head":"<!-- This site is optimized with the Yoast SEO plugin v19.4 - https:\/\/yoast.com\/wordpress\/plugins\/seo\/ -->\n<title>Contact us - Clip &#039;n Climb<\/title>\n<meta name=\"description\" content=\"Do you have any questions, suggestions or comments? Do not hesitate to contact us, we will be pleased to talk to you.\" \/>\n<meta name=\"robots\" content=\"index, follow, max-snippet:-1, max-image-preview:large, max-video-preview:-1\" \/>\n<link rel=\"canonical\" href=\"https:\/\/clipnclimb.ca\/en\/about-us\/contact-us\/\" \/>\n<meta property=\"og:locale\" content=\"en_US\" \/>\n<meta property=\"og:type\" content=\"article\" \/>\n<meta property=\"og:title\" content=\"Contact us - Clip &#039;n Climb\" \/>\n<meta property=\"og:description\" content=\"Do you have any questions, suggestions or comments? Do not hesitate to contact us, we will be pleased to talk to you.\" \/>\n<meta property=\"og:url\" content=\"https:\/\/clipnclimb.ca\/en\/about-us\/contact-us\/\" \/>\n<meta property=\"og:site_name\" content=\"Clip &#039;n Climb\" \/>\n<meta property=\"article:modified_time\" content=\"2022-08-29T19:45:45+00:00\" \/>\n<meta name=\"twitter:card\" content=\"summary\" \/>\n<meta name=\"twitter:label1\" content=\"Est. reading time\" \/>\n\t<meta name=\"twitter:data1\" content=\"1 minute\" \/>\n<script type=\"application\/ld+json\" class=\"yoast-schema-graph\">{\"@context\":\"https:\/\/schema.org\",\"@graph\":[{\"@type\":\"Organization\",\"@id\":\"https:\/\/clipnclimb.ca\/#organization\",\"name\":\"Clip 'n climb\",\"url\":\"https:\/\/clipnclimb.ca\/\",\"sameAs\":[],\"logo\":{\"@type\":\"ImageObject\",\"inLanguage\":\"en-US\",\"@id\":\"https:\/\/clipnclimb.ca\/#\/schema\/logo\/image\/\",\"url\":\"https:\/\/clipnclimb.ca\/wp-content\/uploads\/2016\/07\/logo.png\",\"contentUrl\":\"https:\/\/clipnclimb.ca\/wp-content\/uploads\/2016\/07\/logo.png\",\"width\":95,\"height\":53,\"caption\":\"Clip 'n climb\"},\"image\":{\"@id\":\"https:\/\/clipnclimb.ca\/#\/schema\/logo\/image\/\"}},{\"@type\":\"WebSite\",\"@id\":\"https:\/\/clipnclimb.ca\/#website\",\"url\":\"https:\/\/clipnclimb.ca\/\",\"name\":\"Clip &#039;n Climb\",\"description\":\"Clip &#039;n Climb est une activit\u00e9 impressionante qui propose des murs d&#039;escalades de diff\u00e9rents niveaux de difficult\u00e9 pour un divertissement sain, \u00e0 la port\u00e9e de tous, avec pour ma\u00eetre-mot l&#039;action.\",\"publisher\":{\"@id\":\"https:\/\/clipnclimb.ca\/#organization\"},\"potentialAction\":[{\"@type\":\"SearchAction\",\"target\":{\"@type\":\"EntryPoint\",\"urlTemplate\":\"https:\/\/clipnclimb.ca\/?s={search_term_string}\"},\"query-input\":\"required name=search_term_string\"}],\"inLanguage\":\"en-US\"},{\"@type\":\"WebPage\",\"@id\":\"https:\/\/clipnclimb.ca\/en\/about-us\/contact-us\/\",\"url\":\"https:\/\/clipnclimb.ca\/en\/about-us\/contact-us\/\",\"name\":\"Contact us - Clip &#039;n Climb\",\"isPartOf\":{\"@id\":\"https:\/\/clipnclimb.ca\/#website\"},\"datePublished\":\"2015-10-23T15:37:08+00:00\",\"dateModified\":\"2022-08-29T19:45:45+00:00\",\"description\":\"Do you have any questions, suggestions or comments? Do not hesitate to contact us, we will be pleased to talk to you.\",\"breadcrumb\":{\"@id\":\"https:\/\/clipnclimb.ca\/en\/about-us\/contact-us\/#breadcrumb\"},\"inLanguage\":\"en-US\",\"potentialAction\":[{\"@type\":\"ReadAction\",\"target\":[\"https:\/\/clipnclimb.ca\/en\/about-us\/contact-us\/\"]}]},{\"@type\":\"BreadcrumbList\",\"@id\":\"https:\/\/clipnclimb.ca\/en\/about-us\/contact-us\/#breadcrumb\",\"itemListElement\":[{\"@type\":\"ListItem\",\"position\":1,\"name\":\"Home\",\"item\":\"https:\/\/clipnclimb.ca\/en\/\"},{\"@type\":\"ListItem\",\"position\":2,\"name\":\"About us\",\"item\":\"https:\/\/clipnclimb.ca\/en\/about-us\/\"},{\"@type\":\"ListItem\",\"position\":3,\"name\":\"Contact us\"}]}]}<\/script>\n<!-- \/ Yoast SEO plugin. -->","yoast_head_json":{"title":"Contact us - Clip &#039;n Climb","description":"Do you have any questions, suggestions or comments? Do not hesitate to contact us, we will be pleased to talk to you.","robots":{"index":"index","follow":"follow","max-snippet":"max-snippet:-1","max-image-preview":"max-image-preview:large","max-video-preview":"max-video-preview:-1"},"canonical":"https:\/\/clipnclimb.ca\/en\/about-us\/contact-us\/","og_locale":"en_US","og_type":"article","og_title":"Contact us - Clip &#039;n Climb","og_description":"Do you have any questions, suggestions or comments? Do not hesitate to contact us, we will be pleased to talk to you.","og_url":"https:\/\/clipnclimb.ca\/en\/about-us\/contact-us\/","og_site_name":"Clip &#039;n Climb","article_modified_time":"2022-08-29T19:45:45+00:00","twitter_card":"summary","twitter_misc":{"Est. reading time":"1 minute"},"schema":{"@context":"https:\/\/schema.org","@graph":[{"@type":"Organization","@id":"https:\/\/clipnclimb.ca\/#organization","name":"Clip 'n climb","url":"https:\/\/clipnclimb.ca\/","sameAs":[],"logo":{"@type":"ImageObject","inLanguage":"en-US","@id":"https:\/\/clipnclimb.ca\/#\/schema\/logo\/image\/","url":"https:\/\/clipnclimb.ca\/wp-content\/uploads\/2016\/07\/logo.png","contentUrl":"https:\/\/clipnclimb.ca\/wp-content\/uploads\/2016\/07\/logo.png","width":95,"height":53,"caption":"Clip 'n climb"},"image":{"@id":"https:\/\/clipnclimb.ca\/#\/schema\/logo\/image\/"}},{"@type":"WebSite","@id":"https:\/\/clipnclimb.ca\/#website","url":"https:\/\/clipnclimb.ca\/","name":"Clip &#039;n Climb","description":"Clip &#039;n Climb est une activit\u00e9 impressionante qui propose des murs d&#039;escalades de diff\u00e9rents niveaux de difficult\u00e9 pour un divertissement sain, \u00e0 la port\u00e9e de tous, avec pour ma\u00eetre-mot l&#039;action.","publisher":{"@id":"https:\/\/clipnclimb.ca\/#organization"},"potentialAction":[{"@type":"SearchAction","target":{"@type":"EntryPoint","urlTemplate":"https:\/\/clipnclimb.ca\/?s={search_term_string}"},"query-input":"required name=search_term_string"}],"inLanguage":"en-US"},{"@type":"WebPage","@id":"https:\/\/clipnclimb.ca\/en\/about-us\/contact-us\/","url":"https:\/\/clipnclimb.ca\/en\/about-us\/contact-us\/","name":"Contact us - Clip &#039;n Climb","isPartOf":{"@id":"https:\/\/clipnclimb.ca\/#website"},"datePublished":"2015-10-23T15:37:08+00:00","dateModified":"2022-08-29T19:45:45+00:00","description":"Do you have any questions, suggestions or comments? Do not hesitate to contact us, we will be pleased to talk to you.","breadcrumb":{"@id":"https:\/\/clipnclimb.ca\/en\/about-us\/contact-us\/#breadcrumb"},"inLanguage":"en-US","potentialAction":[{"@type":"ReadAction","target":["https:\/\/clipnclimb.ca\/en\/about-us\/contact-us\/"]}]},{"@type":"BreadcrumbList","@id":"https:\/\/clipnclimb.ca\/en\/about-us\/contact-us\/#breadcrumb","itemListElement":[{"@type":"ListItem","position":1,"name":"Home","item":"https:\/\/clipnclimb.ca\/en\/"},{"@type":"ListItem","position":2,"name":"About us","item":"https:\/\/clipnclimb.ca\/en\/about-us\/"},{"@type":"ListItem","position":3,"name":"Contact us"}]}]}},"_links":{"self":[{"href":"https:\/\/clipnclimb.ca\/en\/wp-json\/wp\/v2\/pages\/2773"}],"collection":[{"href":"https:\/\/clipnclimb.ca\/en\/wp-json\/wp\/v2\/pages"}],"about":[{"href":"https:\/\/clipnclimb.ca\/en\/wp-json\/wp\/v2\/types\/page"}],"author":[{"embeddable":true,"href":"https:\/\/clipnclimb.ca\/en\/wp-json\/wp\/v2\/users\/2155"}],"replies":[{"embeddable":true,"href":"https:\/\/clipnclimb.ca\/en\/wp-json\/wp\/v2\/comments?post=2773"}],"version-history":[{"count":2,"href":"https:\/\/clipnclimb.ca\/en\/wp-json\/wp\/v2\/pages\/2773\/revisions"}],"predecessor-version":[{"id":2777,"href":"https:\/\/clipnclimb.ca\/en\/wp-json\/wp\/v2\/pages\/2773\/revisions\/2777"}],"up":[{"embeddable":true,"href":"https:\/\/clipnclimb.ca\/en\/wp-json\/wp\/v2\/pages\/2760"}],"wp:attachment":[{"href":"https:\/\/clipnclimb.ca\/en\/wp-json\/wp\/v2\/media?parent=2773"}],"curies":[{"name":"wp","href":"https:\/\/api.w.org\/{rel}","templated":true}]}}