{"id":2779,"date":"2016-07-07T20:27:33","date_gmt":"2016-07-08T00:27:33","guid":{"rendered":"https:\/\/clipnclimblaval.ca\/en\/devenez-un-partenaire-corporatif\/"},"modified":"2022-08-29T15:47:46","modified_gmt":"2022-08-29T19:47:46","slug":"become-a-corporate-partner","status":"publish","type":"page","link":"https:\/\/clipnclimb.ca\/en\/become-a-corporate-partner\/","title":{"rendered":"Become a corporate partner"},"content":{"rendered":"","protected":false},"excerpt":{"rendered":"","protected":false},"author":2155,"featured_media":0,"parent":0,"menu_order":0,"comment_status":"closed","ping_status":"closed","template":"","meta":[],"acf":[],"yoast_head":"<!-- This site is optimized with the Yoast SEO plugin v19.4 - https:\/\/yoast.com\/wordpress\/plugins\/seo\/ -->\n<title>Become a corporate partner - Clip &#039;n Climb<\/title>\n<meta name=\"description\" content=\"Clip &#039;n Climb est une activit\u00e9 impressionante qui propose des murs d&#039;escalades de diff\u00e9rents niveaux de difficult\u00e9 pour un divertissement sain, \u00e0 la port\u00e9e de tous, avec pour ma\u00eetre-mot l&#039;action.\" \/>\n<meta name=\"robots\" content=\"index, follow, max-snippet:-1, max-image-preview:large, max-video-preview:-1\" \/>\n<link rel=\"canonical\" href=\"https:\/\/clipnclimb.ca\/en\/become-a-corporate-partner\/\" \/>\n<meta property=\"og:locale\" content=\"en_US\" \/>\n<meta property=\"og:type\" content=\"article\" \/>\n<meta property=\"og:title\" content=\"Become a corporate partner - Clip &#039;n Climb\" \/>\n<meta property=\"og:description\" content=\"Clip &#039;n Climb est une activit\u00e9 impressionante qui propose des murs d&#039;escalades de diff\u00e9rents niveaux de difficult\u00e9 pour un divertissement sain, \u00e0 la port\u00e9e de tous, avec pour ma\u00eetre-mot l&#039;action.\" \/>\n<meta property=\"og:url\" content=\"https:\/\/clipnclimb.ca\/en\/become-a-corporate-partner\/\" \/>\n<meta property=\"og:site_name\" content=\"Clip &#039;n Climb\" \/>\n<meta property=\"article:modified_time\" content=\"2022-08-29T19:47:46+00:00\" \/>\n<meta name=\"twitter:card\" content=\"summary\" \/>\n<script type=\"application\/ld+json\" class=\"yoast-schema-graph\">{\"@context\":\"https:\/\/schema.org\",\"@graph\":[{\"@type\":\"Organization\",\"@id\":\"https:\/\/clipnclimb.ca\/#organization\",\"name\":\"Clip 'n climb\",\"url\":\"https:\/\/clipnclimb.ca\/\",\"sameAs\":[],\"logo\":{\"@type\":\"ImageObject\",\"inLanguage\":\"en-US\",\"@id\":\"https:\/\/clipnclimb.ca\/#\/schema\/logo\/image\/\",\"url\":\"https:\/\/clipnclimb.ca\/wp-content\/uploads\/2016\/07\/logo.png\",\"contentUrl\":\"https:\/\/clipnclimb.ca\/wp-content\/uploads\/2016\/07\/logo.png\",\"width\":95,\"height\":53,\"caption\":\"Clip 'n climb\"},\"image\":{\"@id\":\"https:\/\/clipnclimb.ca\/#\/schema\/logo\/image\/\"}},{\"@type\":\"WebSite\",\"@id\":\"https:\/\/clipnclimb.ca\/#website\",\"url\":\"https:\/\/clipnclimb.ca\/\",\"name\":\"Clip &#039;n Climb\",\"description\":\"Clip &#039;n Climb est une activit\u00e9 impressionante qui propose des murs d&#039;escalades de diff\u00e9rents niveaux de difficult\u00e9 pour un divertissement sain, \u00e0 la port\u00e9e de tous, avec pour ma\u00eetre-mot l&#039;action.\",\"publisher\":{\"@id\":\"https:\/\/clipnclimb.ca\/#organization\"},\"potentialAction\":[{\"@type\":\"SearchAction\",\"target\":{\"@type\":\"EntryPoint\",\"urlTemplate\":\"https:\/\/clipnclimb.ca\/?s={search_term_string}\"},\"query-input\":\"required name=search_term_string\"}],\"inLanguage\":\"en-US\"},{\"@type\":\"WebPage\",\"@id\":\"https:\/\/clipnclimb.ca\/en\/become-a-corporate-partner\/\",\"url\":\"https:\/\/clipnclimb.ca\/en\/become-a-corporate-partner\/\",\"name\":\"Become a corporate partner - Clip &#039;n Climb\",\"isPartOf\":{\"@id\":\"https:\/\/clipnclimb.ca\/#website\"},\"datePublished\":\"2016-07-08T00:27:33+00:00\",\"dateModified\":\"2022-08-29T19:47:46+00:00\",\"description\":\"Clip &#039;n Climb est une activit\u00e9 impressionante qui propose des murs d&#039;escalades de diff\u00e9rents niveaux de difficult\u00e9 pour un divertissement sain, \u00e0 la port\u00e9e de tous, avec pour ma\u00eetre-mot l&#039;action.\",\"breadcrumb\":{\"@id\":\"https:\/\/clipnclimb.ca\/en\/become-a-corporate-partner\/#breadcrumb\"},\"inLanguage\":\"en-US\",\"potentialAction\":[{\"@type\":\"ReadAction\",\"target\":[\"https:\/\/clipnclimb.ca\/en\/become-a-corporate-partner\/\"]}]},{\"@type\":\"BreadcrumbList\",\"@id\":\"https:\/\/clipnclimb.ca\/en\/become-a-corporate-partner\/#breadcrumb\",\"itemListElement\":[{\"@type\":\"ListItem\",\"position\":1,\"name\":\"Home\",\"item\":\"https:\/\/clipnclimb.ca\/en\/\"},{\"@type\":\"ListItem\",\"position\":2,\"name\":\"Become a corporate partner\"}]}]}<\/script>\n<!-- \/ Yoast SEO plugin. -->","yoast_head_json":{"title":"Become a corporate partner - Clip &#039;n Climb","description":"Clip &#039;n Climb est une activit\u00e9 impressionante qui propose des murs d&#039;escalades de diff\u00e9rents niveaux de difficult\u00e9 pour un divertissement sain, \u00e0 la port\u00e9e de tous, avec pour ma\u00eetre-mot l&#039;action.","robots":{"index":"index","follow":"follow","max-snippet":"max-snippet:-1","max-image-preview":"max-image-preview:large","max-video-preview":"max-video-preview:-1"},"canonical":"https:\/\/clipnclimb.ca\/en\/become-a-corporate-partner\/","og_locale":"en_US","og_type":"article","og_title":"Become a corporate partner - Clip &#039;n Climb","og_description":"Clip &#039;n Climb est une activit\u00e9 impressionante qui propose des murs d&#039;escalades de diff\u00e9rents niveaux de difficult\u00e9 pour un divertissement sain, \u00e0 la port\u00e9e de tous, avec pour ma\u00eetre-mot l&#039;action.","og_url":"https:\/\/clipnclimb.ca\/en\/become-a-corporate-partner\/","og_site_name":"Clip &#039;n Climb","article_modified_time":"2022-08-29T19:47:46+00:00","twitter_card":"summary","schema":{"@context":"https:\/\/schema.org","@graph":[{"@type":"Organization","@id":"https:\/\/clipnclimb.ca\/#organization","name":"Clip 'n climb","url":"https:\/\/clipnclimb.ca\/","sameAs":[],"logo":{"@type":"ImageObject","inLanguage":"en-US","@id":"https:\/\/clipnclimb.ca\/#\/schema\/logo\/image\/","url":"https:\/\/clipnclimb.ca\/wp-content\/uploads\/2016\/07\/logo.png","contentUrl":"https:\/\/clipnclimb.ca\/wp-content\/uploads\/2016\/07\/logo.png","width":95,"height":53,"caption":"Clip 'n climb"},"image":{"@id":"https:\/\/clipnclimb.ca\/#\/schema\/logo\/image\/"}},{"@type":"WebSite","@id":"https:\/\/clipnclimb.ca\/#website","url":"https:\/\/clipnclimb.ca\/","name":"Clip &#039;n Climb","description":"Clip &#039;n Climb est une activit\u00e9 impressionante qui propose des murs d&#039;escalades de diff\u00e9rents niveaux de difficult\u00e9 pour un divertissement sain, \u00e0 la port\u00e9e de tous, avec pour ma\u00eetre-mot l&#039;action.","publisher":{"@id":"https:\/\/clipnclimb.ca\/#organization"},"potentialAction":[{"@type":"SearchAction","target":{"@type":"EntryPoint","urlTemplate":"https:\/\/clipnclimb.ca\/?s={search_term_string}"},"query-input":"required name=search_term_string"}],"inLanguage":"en-US"},{"@type":"WebPage","@id":"https:\/\/clipnclimb.ca\/en\/become-a-corporate-partner\/","url":"https:\/\/clipnclimb.ca\/en\/become-a-corporate-partner\/","name":"Become a corporate partner - Clip &#039;n Climb","isPartOf":{"@id":"https:\/\/clipnclimb.ca\/#website"},"datePublished":"2016-07-08T00:27:33+00:00","dateModified":"2022-08-29T19:47:46+00:00","description":"Clip &#039;n Climb est une activit\u00e9 impressionante qui propose des murs d&#039;escalades de diff\u00e9rents niveaux de difficult\u00e9 pour un divertissement sain, \u00e0 la port\u00e9e de tous, avec pour ma\u00eetre-mot l&#039;action.","breadcrumb":{"@id":"https:\/\/clipnclimb.ca\/en\/become-a-corporate-partner\/#breadcrumb"},"inLanguage":"en-US","potentialAction":[{"@type":"ReadAction","target":["https:\/\/clipnclimb.ca\/en\/become-a-corporate-partner\/"]}]},{"@type":"BreadcrumbList","@id":"https:\/\/clipnclimb.ca\/en\/become-a-corporate-partner\/#breadcrumb","itemListElement":[{"@type":"ListItem","position":1,"name":"Home","item":"https:\/\/clipnclimb.ca\/en\/"},{"@type":"ListItem","position":2,"name":"Become a corporate partner"}]}]}},"_links":{"self":[{"href":"https:\/\/clipnclimb.ca\/en\/wp-json\/wp\/v2\/pages\/2779"}],"collection":[{"href":"https:\/\/clipnclimb.ca\/en\/wp-json\/wp\/v2\/pages"}],"about":[{"href":"https:\/\/clipnclimb.ca\/en\/wp-json\/wp\/v2\/types\/page"}],"author":[{"embeddable":true,"href":"https:\/\/clipnclimb.ca\/en\/wp-json\/wp\/v2\/users\/2155"}],"replies":[{"embeddable":true,"href":"https:\/\/clipnclimb.ca\/en\/wp-json\/wp\/v2\/comments?post=2779"}],"version-history":[{"count":3,"href":"https:\/\/clipnclimb.ca\/en\/wp-json\/wp\/v2\/pages\/2779\/revisions"}],"predecessor-version":[{"id":2329290113276,"href":"https:\/\/clipnclimb.ca\/en\/wp-json\/wp\/v2\/pages\/2779\/revisions\/2329290113276"}],"wp:attachment":[{"href":"https:\/\/clipnclimb.ca\/en\/wp-json\/wp\/v2\/media?parent=2779"}],"curies":[{"name":"wp","href":"https:\/\/api.w.org\/{rel}","templated":true}]}}