{"id":2801,"date":"2015-10-23T16:32:38","date_gmt":"2015-10-23T15:32:38","guid":{"rendered":"https:\/\/clipnclimblaval.ca\/en\/climbing-reinvented\/anniversaires\/"},"modified":"2024-05-06T09:23:56","modified_gmt":"2024-05-06T13:23:56","slug":"kids-birthday-party","status":"publish","type":"page","link":"https:\/\/clipnclimb.ca\/en\/indoor-climbing-family-activity\/kids-birthday-party\/","title":{"rendered":"Kid&#8217;s Birthday Party"},"content":{"rendered":"\n<p class=\"has-text-align-center\"><strong><em>IT&#8217;S PARTY TIME!<\/em><\/strong><br>Don&#8217;t let your children and their friends climb up your curtains,<br>come to Clip\u2018n Climb where they can climb up the walls!<br>A birthday party at Clip\u2018n Climb promises you safe and healthy fun<br>with many stimulating challenges that will delight everyone.<\/p>\n","protected":false},"excerpt":{"rendered":"<p>IT&#8217;S PARTY TIME!Don&#8217;t let your children and their friends climb up your curtains,come to Clip\u2018n Climb where they can climb up the walls!A birthday party at Clip\u2018n Climb promises you safe and healthy funwith many stimulating challenges that will delight everyone.<\/p>\n","protected":false},"author":2155,"featured_media":2762,"parent":2785,"menu_order":0,"comment_status":"closed","ping_status":"closed","template":"tpl-birthday.php","meta":[],"acf":[],"yoast_head":"<!-- This site is optimized with the Yoast SEO plugin v19.4 - https:\/\/yoast.com\/wordpress\/plugins\/seo\/ -->\n<title>Kid&#039;s Birthday Party | Your #1 Choice | Clip &#039;n Climb<\/title>\n<meta name=\"description\" content=\"Celebrate with your family at Climp &#039;n Climb and enjoy our colorful climbing walls designed to be multi-generational, appealing to kids and adults alike!\" \/>\n<meta name=\"robots\" content=\"index, follow, max-snippet:-1, max-image-preview:large, max-video-preview:-1\" \/>\n<link rel=\"canonical\" href=\"https:\/\/clipnclimb.ca\/en\/indoor-climbing-family-activity\/kids-birthday-party\/\" \/>\n<meta property=\"og:locale\" content=\"en_US\" \/>\n<meta property=\"og:type\" content=\"article\" \/>\n<meta property=\"og:title\" content=\"Kid&#039;s Birthday Party | Your #1 Choice | Clip &#039;n Climb\" \/>\n<meta property=\"og:description\" content=\"Celebrate with your family at Climp &#039;n Climb and enjoy our colorful climbing walls designed to be multi-generational, appealing to kids and adults alike!\" \/>\n<meta property=\"og:url\" content=\"https:\/\/clipnclimb.ca\/en\/indoor-climbing-family-activity\/kids-birthday-party\/\" \/>\n<meta property=\"og:site_name\" content=\"Clip &#039;n Climb\" \/>\n<meta property=\"article:modified_time\" content=\"2024-05-06T13:23:56+00:00\" \/>\n<meta property=\"og:image\" content=\"https:\/\/clipnclimb.ca\/wp-content\/uploads\/2015\/08\/corpo_featured.jpg\" \/>\n\t<meta property=\"og:image:width\" content=\"925\" \/>\n\t<meta property=\"og:image:height\" content=\"208\" \/>\n\t<meta property=\"og:image:type\" content=\"image\/jpeg\" \/>\n<meta name=\"twitter:card\" content=\"summary\" \/>\n<meta name=\"twitter:label1\" content=\"Est. reading time\" \/>\n\t<meta name=\"twitter:data1\" content=\"1 minute\" \/>\n<script type=\"application\/ld+json\" class=\"yoast-schema-graph\">{\"@context\":\"https:\/\/schema.org\",\"@graph\":[{\"@type\":\"Organization\",\"@id\":\"https:\/\/clipnclimb.ca\/#organization\",\"name\":\"Clip 'n climb\",\"url\":\"https:\/\/clipnclimb.ca\/\",\"sameAs\":[],\"logo\":{\"@type\":\"ImageObject\",\"inLanguage\":\"en-US\",\"@id\":\"https:\/\/clipnclimb.ca\/#\/schema\/logo\/image\/\",\"url\":\"https:\/\/clipnclimb.ca\/wp-content\/uploads\/2016\/07\/logo.png\",\"contentUrl\":\"https:\/\/clipnclimb.ca\/wp-content\/uploads\/2016\/07\/logo.png\",\"width\":95,\"height\":53,\"caption\":\"Clip 'n climb\"},\"image\":{\"@id\":\"https:\/\/clipnclimb.ca\/#\/schema\/logo\/image\/\"}},{\"@type\":\"WebSite\",\"@id\":\"https:\/\/clipnclimb.ca\/#website\",\"url\":\"https:\/\/clipnclimb.ca\/\",\"name\":\"Clip &#039;n Climb\",\"description\":\"Clip &#039;n Climb est une activit\u00e9 impressionante qui propose des murs d&#039;escalades de diff\u00e9rents niveaux de difficult\u00e9 pour un divertissement sain, \u00e0 la port\u00e9e de tous, avec pour ma\u00eetre-mot l&#039;action.\",\"publisher\":{\"@id\":\"https:\/\/clipnclimb.ca\/#organization\"},\"potentialAction\":[{\"@type\":\"SearchAction\",\"target\":{\"@type\":\"EntryPoint\",\"urlTemplate\":\"https:\/\/clipnclimb.ca\/?s={search_term_string}\"},\"query-input\":\"required name=search_term_string\"}],\"inLanguage\":\"en-US\"},{\"@type\":\"WebPage\",\"@id\":\"https:\/\/clipnclimb.ca\/en\/indoor-climbing-family-activity\/kids-birthday-party\/\",\"url\":\"https:\/\/clipnclimb.ca\/en\/indoor-climbing-family-activity\/kids-birthday-party\/\",\"name\":\"Kid's Birthday Party | Your #1 Choice | Clip &#039;n Climb\",\"isPartOf\":{\"@id\":\"https:\/\/clipnclimb.ca\/#website\"},\"datePublished\":\"2015-10-23T15:32:38+00:00\",\"dateModified\":\"2024-05-06T13:23:56+00:00\",\"description\":\"Celebrate with your family at Climp 'n Climb and enjoy our colorful climbing walls designed to be multi-generational, appealing to kids and adults alike!\",\"breadcrumb\":{\"@id\":\"https:\/\/clipnclimb.ca\/en\/indoor-climbing-family-activity\/kids-birthday-party\/#breadcrumb\"},\"inLanguage\":\"en-US\",\"potentialAction\":[{\"@type\":\"ReadAction\",\"target\":[\"https:\/\/clipnclimb.ca\/en\/indoor-climbing-family-activity\/kids-birthday-party\/\"]}]},{\"@type\":\"BreadcrumbList\",\"@id\":\"https:\/\/clipnclimb.ca\/en\/indoor-climbing-family-activity\/kids-birthday-party\/#breadcrumb\",\"itemListElement\":[{\"@type\":\"ListItem\",\"position\":1,\"name\":\"Home\",\"item\":\"https:\/\/clipnclimb.ca\/en\/\"},{\"@type\":\"ListItem\",\"position\":2,\"name\":\"Climbing reinvented\",\"item\":\"https:\/\/clipnclimb.ca\/en\/indoor-climbing-family-activity\/\"},{\"@type\":\"ListItem\",\"position\":3,\"name\":\"Kid&#8217;s Birthday Party\"}]}]}<\/script>\n<!-- \/ Yoast SEO plugin. -->","yoast_head_json":{"title":"Kid's Birthday Party | Your #1 Choice | Clip &#039;n Climb","description":"Celebrate with your family at Climp 'n Climb and enjoy our colorful climbing walls designed to be multi-generational, appealing to kids and adults alike!","robots":{"index":"index","follow":"follow","max-snippet":"max-snippet:-1","max-image-preview":"max-image-preview:large","max-video-preview":"max-video-preview:-1"},"canonical":"https:\/\/clipnclimb.ca\/en\/indoor-climbing-family-activity\/kids-birthday-party\/","og_locale":"en_US","og_type":"article","og_title":"Kid's Birthday Party | Your #1 Choice | Clip &#039;n Climb","og_description":"Celebrate with your family at Climp 'n Climb and enjoy our colorful climbing walls designed to be multi-generational, appealing to kids and adults alike!","og_url":"https:\/\/clipnclimb.ca\/en\/indoor-climbing-family-activity\/kids-birthday-party\/","og_site_name":"Clip &#039;n Climb","article_modified_time":"2024-05-06T13:23:56+00:00","og_image":[{"width":925,"height":208,"url":"https:\/\/clipnclimb.ca\/wp-content\/uploads\/2015\/08\/corpo_featured.jpg","type":"image\/jpeg"}],"twitter_card":"summary","twitter_misc":{"Est. reading time":"1 minute"},"schema":{"@context":"https:\/\/schema.org","@graph":[{"@type":"Organization","@id":"https:\/\/clipnclimb.ca\/#organization","name":"Clip 'n climb","url":"https:\/\/clipnclimb.ca\/","sameAs":[],"logo":{"@type":"ImageObject","inLanguage":"en-US","@id":"https:\/\/clipnclimb.ca\/#\/schema\/logo\/image\/","url":"https:\/\/clipnclimb.ca\/wp-content\/uploads\/2016\/07\/logo.png","contentUrl":"https:\/\/clipnclimb.ca\/wp-content\/uploads\/2016\/07\/logo.png","width":95,"height":53,"caption":"Clip 'n climb"},"image":{"@id":"https:\/\/clipnclimb.ca\/#\/schema\/logo\/image\/"}},{"@type":"WebSite","@id":"https:\/\/clipnclimb.ca\/#website","url":"https:\/\/clipnclimb.ca\/","name":"Clip &#039;n Climb","description":"Clip &#039;n Climb est une activit\u00e9 impressionante qui propose des murs d&#039;escalades de diff\u00e9rents niveaux de difficult\u00e9 pour un divertissement sain, \u00e0 la port\u00e9e de tous, avec pour ma\u00eetre-mot l&#039;action.","publisher":{"@id":"https:\/\/clipnclimb.ca\/#organization"},"potentialAction":[{"@type":"SearchAction","target":{"@type":"EntryPoint","urlTemplate":"https:\/\/clipnclimb.ca\/?s={search_term_string}"},"query-input":"required name=search_term_string"}],"inLanguage":"en-US"},{"@type":"WebPage","@id":"https:\/\/clipnclimb.ca\/en\/indoor-climbing-family-activity\/kids-birthday-party\/","url":"https:\/\/clipnclimb.ca\/en\/indoor-climbing-family-activity\/kids-birthday-party\/","name":"Kid's Birthday Party | Your #1 Choice | Clip &#039;n Climb","isPartOf":{"@id":"https:\/\/clipnclimb.ca\/#website"},"datePublished":"2015-10-23T15:32:38+00:00","dateModified":"2024-05-06T13:23:56+00:00","description":"Celebrate with your family at Climp 'n Climb and enjoy our colorful climbing walls designed to be multi-generational, appealing to kids and adults alike!","breadcrumb":{"@id":"https:\/\/clipnclimb.ca\/en\/indoor-climbing-family-activity\/kids-birthday-party\/#breadcrumb"},"inLanguage":"en-US","potentialAction":[{"@type":"ReadAction","target":["https:\/\/clipnclimb.ca\/en\/indoor-climbing-family-activity\/kids-birthday-party\/"]}]},{"@type":"BreadcrumbList","@id":"https:\/\/clipnclimb.ca\/en\/indoor-climbing-family-activity\/kids-birthday-party\/#breadcrumb","itemListElement":[{"@type":"ListItem","position":1,"name":"Home","item":"https:\/\/clipnclimb.ca\/en\/"},{"@type":"ListItem","position":2,"name":"Climbing reinvented","item":"https:\/\/clipnclimb.ca\/en\/indoor-climbing-family-activity\/"},{"@type":"ListItem","position":3,"name":"Kid&#8217;s Birthday Party"}]}]}},"_links":{"self":[{"href":"https:\/\/clipnclimb.ca\/en\/wp-json\/wp\/v2\/pages\/2801"}],"collection":[{"href":"https:\/\/clipnclimb.ca\/en\/wp-json\/wp\/v2\/pages"}],"about":[{"href":"https:\/\/clipnclimb.ca\/en\/wp-json\/wp\/v2\/types\/page"}],"author":[{"embeddable":true,"href":"https:\/\/clipnclimb.ca\/en\/wp-json\/wp\/v2\/users\/2155"}],"replies":[{"embeddable":true,"href":"https:\/\/clipnclimb.ca\/en\/wp-json\/wp\/v2\/comments?post=2801"}],"version-history":[{"count":28,"href":"https:\/\/clipnclimb.ca\/en\/wp-json\/wp\/v2\/pages\/2801\/revisions"}],"predecessor-version":[{"id":2329290113731,"href":"https:\/\/clipnclimb.ca\/en\/wp-json\/wp\/v2\/pages\/2801\/revisions\/2329290113731"}],"up":[{"embeddable":true,"href":"https:\/\/clipnclimb.ca\/en\/wp-json\/wp\/v2\/pages\/2785"}],"wp:featuredmedia":[{"embeddable":true,"href":"https:\/\/clipnclimb.ca\/en\/wp-json\/wp\/v2\/media\/2762"}],"wp:attachment":[{"href":"https:\/\/clipnclimb.ca\/en\/wp-json\/wp\/v2\/media?parent=2801"}],"curies":[{"name":"wp","href":"https:\/\/api.w.org\/{rel}","templated":true}]}}